{"id":739,"date":"2023-11-30T18:28:19","date_gmt":"2023-11-30T18:28:19","guid":{"rendered":"https:\/\/atlantocracies.com\/?page_id=739"},"modified":"2023-11-30T23:08:25","modified_gmt":"2023-11-30T23:08:25","slug":"carte","status":"publish","type":"page","link":"https:\/\/atlantocracies.com\/index.php\/fr\/carte\/","title":{"rendered":"Carte"},"content":{"rendered":"<p><P align=center><b>DISTRIBUTION DE L&#8217;ORIGINE DES CHEVALIERS DES ORDRES MILITAIRES ESPAGNOLS<\/p>\n<p align=center>(XVI-XIX)<\/b><\/P><br \/>\n<iframe src=\"https:\/\/qgiscloud.com\/atlantocracies\/Nacimientos\/\" width=\"1100\" height=\"800\" style=\"border:0;\" allowfullscreen=\"\" loading=\"lazy\" referrerpolicy=\"no-referrer-when-downgrade\"><\/iframe><\/p>\n<p align =\"center\"> Source: AtlantoCracies Database<\/p>\n<p><b>Pour citer:<\/b> D\u00edaz-Ord\u00f3\u00f1ez, M., Savio Rodr\u00edguez, D. S. y Yun Casalilla, B. (2023). <i>AtlantoCracies Database<\/i>. Retrieved [Month Day, Year], https:\/\/atlantocracies.com\/<\/p>\n","protected":false},"excerpt":{"rendered":"<p>DISTRIBUTION DE L&#8217;ORIGINE DES CHEVALIERS DES ORDRES MILITAIRES ESPAGNOLS (XVI-XIX) Source: AtlantoCracies Database Pour citer: D\u00edaz-Ord\u00f3\u00f1ez, M., Savio Rodr\u00edguez, D. S. y Yun Casalilla, B. (2023). AtlantoCracies Database. Retrieved [Month Day, Year], https:\/\/atlantocracies.com\/<\/p>\n","protected":false},"author":1,"featured_media":0,"parent":0,"menu_order":0,"comment_status":"closed","ping_status":"closed","template":"","meta":{"footnotes":""},"class_list":["post-739","page","type-page","status-publish","hentry"],"_links":{"self":[{"href":"https:\/\/atlantocracies.com\/index.php\/wp-json\/wp\/v2\/pages\/739","targetHints":{"allow":["GET"]}}],"collection":[{"href":"https:\/\/atlantocracies.com\/index.php\/wp-json\/wp\/v2\/pages"}],"about":[{"href":"https:\/\/atlantocracies.com\/index.php\/wp-json\/wp\/v2\/types\/page"}],"author":[{"embeddable":true,"href":"https:\/\/atlantocracies.com\/index.php\/wp-json\/wp\/v2\/users\/1"}],"replies":[{"embeddable":true,"href":"https:\/\/atlantocracies.com\/index.php\/wp-json\/wp\/v2\/comments?post=739"}],"version-history":[{"count":5,"href":"https:\/\/atlantocracies.com\/index.php\/wp-json\/wp\/v2\/pages\/739\/revisions"}],"predecessor-version":[{"id":808,"href":"https:\/\/atlantocracies.com\/index.php\/wp-json\/wp\/v2\/pages\/739\/revisions\/808"}],"wp:attachment":[{"href":"https:\/\/atlantocracies.com\/index.php\/wp-json\/wp\/v2\/media?parent=739"}],"curies":[{"name":"wp","href":"https:\/\/api.w.org\/{rel}","templated":true}]}}