{"id":737,"date":"2023-11-30T18:28:00","date_gmt":"2023-11-30T18:28:00","guid":{"rendered":"https:\/\/atlantocracies.com\/?page_id=737"},"modified":"2024-10-08T08:53:53","modified_gmt":"2024-10-08T08:53:53","slug":"map","status":"publish","type":"page","link":"https:\/\/atlantocracies.com\/index.php\/en\/map\/","title":{"rendered":"Map"},"content":{"rendered":"<p><P align=center><b>DISTRIBUTION OF THE ORIGIN OF KNIGHTS OF SPANISH MILITARY ORDERS <\/p>\n<p align=center>(XVI-XIX)<\/b><\/P><br \/>\n<iframe src=\"https:\/\/qgiscloud.com\/atlantocracies\/Santiago_Last2\/\" width=\"1100\" height=\"800\" style=\"border:0;\" allowfullscreen=\"\" loading=\"lazy\" referrerpolicy=\"no-referrer-when-downgrade\"><\/iframe><\/p>\n<p align =\"center\"> Source: AtlantoCracies Database<\/p>\n<p><b>How to cite:<\/b> D\u00edaz-Ord\u00f3\u00f1ez, M., Savio Rodr\u00edguez, D. S. y Yun Casalilla, B. (2023). <i>AtlantoCracies Database<\/i>. Retrieved [Month Day, Year], https:\/\/atlantocracies.com\/<\/p>\n","protected":false},"excerpt":{"rendered":"<p>DISTRIBUTION OF THE ORIGIN OF KNIGHTS OF SPANISH MILITARY ORDERS (XVI-XIX) Source: AtlantoCracies Database How to cite: D\u00edaz-Ord\u00f3\u00f1ez, M., Savio Rodr\u00edguez, D. S. y Yun Casalilla, B. (2023). AtlantoCracies Database. Retrieved [Month Day, Year], https:\/\/atlantocracies.com\/<\/p>\n","protected":false},"author":1,"featured_media":0,"parent":0,"menu_order":0,"comment_status":"closed","ping_status":"closed","template":"","meta":{"footnotes":""},"class_list":["post-737","page","type-page","status-publish","hentry"],"_links":{"self":[{"href":"https:\/\/atlantocracies.com\/index.php\/wp-json\/wp\/v2\/pages\/737","targetHints":{"allow":["GET"]}}],"collection":[{"href":"https:\/\/atlantocracies.com\/index.php\/wp-json\/wp\/v2\/pages"}],"about":[{"href":"https:\/\/atlantocracies.com\/index.php\/wp-json\/wp\/v2\/types\/page"}],"author":[{"embeddable":true,"href":"https:\/\/atlantocracies.com\/index.php\/wp-json\/wp\/v2\/users\/1"}],"replies":[{"embeddable":true,"href":"https:\/\/atlantocracies.com\/index.php\/wp-json\/wp\/v2\/comments?post=737"}],"version-history":[{"count":6,"href":"https:\/\/atlantocracies.com\/index.php\/wp-json\/wp\/v2\/pages\/737\/revisions"}],"predecessor-version":[{"id":881,"href":"https:\/\/atlantocracies.com\/index.php\/wp-json\/wp\/v2\/pages\/737\/revisions\/881"}],"wp:attachment":[{"href":"https:\/\/atlantocracies.com\/index.php\/wp-json\/wp\/v2\/media?parent=737"}],"curies":[{"name":"wp","href":"https:\/\/api.w.org\/{rel}","templated":true}]}}