{"id":732,"date":"2023-11-30T17:56:42","date_gmt":"2023-11-30T17:56:42","guid":{"rendered":"https:\/\/atlantocracies.com\/?page_id=732"},"modified":"2024-10-08T08:46:11","modified_gmt":"2024-10-08T08:46:11","slug":"mapa","status":"publish","type":"page","link":"https:\/\/atlantocracies.com\/index.php\/mapa\/","title":{"rendered":"Mapa"},"content":{"rendered":"<p><P align=center><b>DISTRIBUCI\u00d3N DEL ORIGEN DE CABALLEROS DE \u00d3RDENES MILITARES ESPA\u00d1OLAS <\/p>\n<p align=center>(XVI-XIX)<\/b><\/P><br \/>\n<iframe src=\"https:\/\/qgiscloud.com\/atlantocracies\/Santiago_Last2\/\" width=\"1100\" height=\"800\" style=\"border:0;\" allowfullscreen=\"\" loading=\"lazy\" referrerpolicy=\"no-referrer-when-downgrade\"><\/iframe><\/p>\n<p align =\"center\"> Fuente: AtlantoCracies Database<\/p>\n<p><b>C\u00f3mo citar:<\/b> D\u00edaz-Ord\u00f3\u00f1ez, M., Savio Rodr\u00edguez, D. S. y Yun Casalilla, B. (2023). <i>AtlantoCracies Database<\/i>. Retrieved [Month Day, Year], https:\/\/atlantocracies.com\/<\/p>\n","protected":false},"excerpt":{"rendered":"<p>DISTRIBUCI\u00d3N DEL ORIGEN DE CABALLEROS DE \u00d3RDENES MILITARES ESPA\u00d1OLAS (XVI-XIX) Fuente: AtlantoCracies Database C\u00f3mo citar: D\u00edaz-Ord\u00f3\u00f1ez, M., Savio Rodr\u00edguez, D. S. y Yun Casalilla, B. (2023). AtlantoCracies Database. Retrieved [Month Day, Year], https:\/\/atlantocracies.com\/<\/p>\n","protected":false},"author":1,"featured_media":0,"parent":0,"menu_order":0,"comment_status":"closed","ping_status":"closed","template":"","meta":{"footnotes":""},"class_list":["post-732","page","type-page","status-publish","hentry"],"_links":{"self":[{"href":"https:\/\/atlantocracies.com\/index.php\/wp-json\/wp\/v2\/pages\/732","targetHints":{"allow":["GET"]}}],"collection":[{"href":"https:\/\/atlantocracies.com\/index.php\/wp-json\/wp\/v2\/pages"}],"about":[{"href":"https:\/\/atlantocracies.com\/index.php\/wp-json\/wp\/v2\/types\/page"}],"author":[{"embeddable":true,"href":"https:\/\/atlantocracies.com\/index.php\/wp-json\/wp\/v2\/users\/1"}],"replies":[{"embeddable":true,"href":"https:\/\/atlantocracies.com\/index.php\/wp-json\/wp\/v2\/comments?post=732"}],"version-history":[{"count":6,"href":"https:\/\/atlantocracies.com\/index.php\/wp-json\/wp\/v2\/pages\/732\/revisions"}],"predecessor-version":[{"id":880,"href":"https:\/\/atlantocracies.com\/index.php\/wp-json\/wp\/v2\/pages\/732\/revisions\/880"}],"wp:attachment":[{"href":"https:\/\/atlantocracies.com\/index.php\/wp-json\/wp\/v2\/media?parent=732"}],"curies":[{"name":"wp","href":"https:\/\/api.w.org\/{rel}","templated":true}]}}