{"id":685,"date":"2023-11-30T13:07:47","date_gmt":"2023-11-30T13:07:47","guid":{"rendered":"https:\/\/atlantocracies.com\/?page_id=685"},"modified":"2023-11-30T13:08:39","modified_gmt":"2023-11-30T13:08:39","slug":"page-dentree","status":"publish","type":"page","link":"https:\/\/atlantocracies.com\/index.php\/fr\/page-dentree\/","title":{"rendered":"Page d&#8217;entr\u00e9e"},"content":{"rendered":"<p style=\"line-height: 1.5; text-align: justify;\"><span style=\"color: #323437; font-size: 20px;\">Cette recherche est centr\u00e9e sur l&#8217;\u00e9tude de la noblesse ib\u00e9rique en Espagne et en Am\u00e9rique, remettant en question la tradition profond\u00e9ment enracin\u00e9e qui les consid\u00e8re comme des r\u00e9alit\u00e9s distinctes. La question fondamentale est de savoir s&#8217;il existe une noblesse transatlantique au sein du cadre de la Monarchie hispanique. L&#8217;objectif est d&#8217;examiner la continuit\u00e9 spatiale, juridique, sociale et humaine du r\u00e9seau nobiliaire des deux c\u00f4t\u00e9s de l&#8217;Atlantique, en se focalisant sur le succ\u00e8s et les difficult\u00e9s rencontr\u00e9es par les \u00e9lites dans leur ascension sociale, ainsi que sur la fa\u00e7on dont elles ont tir\u00e9 parti, ou bien, surmont\u00e9 des d\u00e9fis transatlantiques. Cette approche rompt avec la vision statique et conservatrice des aristocraties p\u00e9ninsulaires, en explorant l&#8217;interaction entre changement et continuit\u00e9 et l\u2019impact sur les \u00e9lites de l&#8217;empire. Pour y parvenir, une solide base de donn\u00e9es relationnelle sera utilis\u00e9e, et des sagas familiales sp\u00e9cifiques seront examin\u00e9es, permettant ainsi de d\u00e9couvrir de nouvelles dimensions compl\u00e9mentaires et contradictoires jusqu&#8217;\u00e0 pr\u00e9sent peu explor\u00e9es dans l&#8217;historiographie.<\/p>\n","protected":false},"excerpt":{"rendered":"<p>Cette recherche est centr\u00e9e sur l&#8217;\u00e9tude de la noblesse ib\u00e9rique en Espagne et en Am\u00e9rique, remettant en question la tradition profond\u00e9ment enracin\u00e9e qui les consid\u00e8re comme des r\u00e9alit\u00e9s distinctes. La question fondamentale est de savoir s&#8217;il existe une noblesse transatlantique au sein du cadre de la Monarchie hispanique. L&#8217;objectif est [&hellip;]<\/p>\n","protected":false},"author":1,"featured_media":0,"parent":0,"menu_order":0,"comment_status":"closed","ping_status":"closed","template":"","meta":{"footnotes":""},"class_list":["post-685","page","type-page","status-publish","hentry"],"_links":{"self":[{"href":"https:\/\/atlantocracies.com\/index.php\/wp-json\/wp\/v2\/pages\/685","targetHints":{"allow":["GET"]}}],"collection":[{"href":"https:\/\/atlantocracies.com\/index.php\/wp-json\/wp\/v2\/pages"}],"about":[{"href":"https:\/\/atlantocracies.com\/index.php\/wp-json\/wp\/v2\/types\/page"}],"author":[{"embeddable":true,"href":"https:\/\/atlantocracies.com\/index.php\/wp-json\/wp\/v2\/users\/1"}],"replies":[{"embeddable":true,"href":"https:\/\/atlantocracies.com\/index.php\/wp-json\/wp\/v2\/comments?post=685"}],"version-history":[{"count":1,"href":"https:\/\/atlantocracies.com\/index.php\/wp-json\/wp\/v2\/pages\/685\/revisions"}],"predecessor-version":[{"id":686,"href":"https:\/\/atlantocracies.com\/index.php\/wp-json\/wp\/v2\/pages\/685\/revisions\/686"}],"wp:attachment":[{"href":"https:\/\/atlantocracies.com\/index.php\/wp-json\/wp\/v2\/media?parent=685"}],"curies":[{"name":"wp","href":"https:\/\/api.w.org\/{rel}","templated":true}]}}