{"id":629,"date":"2023-11-30T12:42:58","date_gmt":"2023-11-30T12:42:58","guid":{"rendered":"https:\/\/atlantocracies.com\/?page_id=629"},"modified":"2023-11-30T13:07:10","modified_gmt":"2023-11-30T13:07:10","slug":"inicio","status":"publish","type":"page","link":"https:\/\/atlantocracies.com\/index.php\/inicio\/","title":{"rendered":"Portada"},"content":{"rendered":"<p style=\"line-height: 1.5; text-align: justify;\"><span style=\"color: #323437; font-size: 20px;\">Esta investigaci\u00f3n se enfoca en el estudio de la nobleza ib\u00e9rica en Espa\u00f1a y Am\u00e9rica, desafiando la tradici\u00f3n arraigada de considerarlas realidades separadas. Se plantea la pregunta fundamental de si existe una nobleza transatl\u00e1ntica dentro del marco de la Monarqu\u00eda Hisp\u00e1nica. El objetivo es investigar la continuidad espacial, jur\u00eddica, social y humana del tejido nobiliario en ambos lados del Atl\u00e1ntico, centr\u00e1ndose en el \u00e9xito y las dificultades experimentadas por las \u00e9lites en su ascenso social y c\u00f3mo se aprovecharon o superaron los desaf\u00edos transatl\u00e1nticos. Este enfoque rompe con la visi\u00f3n est\u00e1tica y conservadora de las aristocracias peninsulares, explorando la interacci\u00f3n entre cambio y continuidad y su impacto en las \u00e9lites del imperio. Para lograrlo, se emplear\u00e1 una s\u00f3lida base de datos relacional y se examinar\u00e1n sagas familiares espec\u00edficas, permitiendo revelar nuevas dimensiones complementarias y contradictorias hasta ahora poco exploradas en la historiograf\u00eda.<\/span><\/p>\n","protected":false},"excerpt":{"rendered":"<p>Esta investigaci\u00f3n se enfoca en el estudio de la nobleza ib\u00e9rica en Espa\u00f1a y Am\u00e9rica, desafiando la tradici\u00f3n arraigada de considerarlas realidades separadas. Se plantea la pregunta fundamental de si existe una nobleza transatl\u00e1ntica dentro del marco de la Monarqu\u00eda Hisp\u00e1nica. El objetivo es investigar la continuidad espacial, jur\u00eddica, social [&hellip;]<\/p>\n","protected":false},"author":1,"featured_media":0,"parent":0,"menu_order":0,"comment_status":"closed","ping_status":"closed","template":"","meta":{"footnotes":""},"class_list":["post-629","page","type-page","status-publish","hentry"],"_links":{"self":[{"href":"https:\/\/atlantocracies.com\/index.php\/wp-json\/wp\/v2\/pages\/629","targetHints":{"allow":["GET"]}}],"collection":[{"href":"https:\/\/atlantocracies.com\/index.php\/wp-json\/wp\/v2\/pages"}],"about":[{"href":"https:\/\/atlantocracies.com\/index.php\/wp-json\/wp\/v2\/types\/page"}],"author":[{"embeddable":true,"href":"https:\/\/atlantocracies.com\/index.php\/wp-json\/wp\/v2\/users\/1"}],"replies":[{"embeddable":true,"href":"https:\/\/atlantocracies.com\/index.php\/wp-json\/wp\/v2\/comments?post=629"}],"version-history":[{"count":2,"href":"https:\/\/atlantocracies.com\/index.php\/wp-json\/wp\/v2\/pages\/629\/revisions"}],"predecessor-version":[{"id":682,"href":"https:\/\/atlantocracies.com\/index.php\/wp-json\/wp\/v2\/pages\/629\/revisions\/682"}],"wp:attachment":[{"href":"https:\/\/atlantocracies.com\/index.php\/wp-json\/wp\/v2\/media?parent=629"}],"curies":[{"name":"wp","href":"https:\/\/api.w.org\/{rel}","templated":true}]}}