{"id":398,"date":"2023-05-18T20:51:26","date_gmt":"2023-05-18T18:51:26","guid":{"rendered":"http:\/\/localhost\/AtlantoCracies_1\/?page_id=398"},"modified":"2023-05-18T20:51:26","modified_gmt":"2023-05-18T18:51:26","slug":"accueil","status":"publish","type":"page","link":"https:\/\/atlantocracies.com\/index.php\/fr\/accueil\/","title":{"rendered":"Accueil"},"content":{"rendered":"<p style=\"text-align: justify;\">C\u2019est une tradition profond\u00e9ment enracin\u00e9e que d&#8217;\u00e9tudier les noblesses ib\u00e9riques des deux c\u00f4t\u00e9s de l&#8217;oc\u00e9an comme deux r\u00e9alit\u00e9s distinctes. Soit on analyse ce qui est habituellement connu sous le nom de noblesse &#8220;indienne&#8221;, soit on a consid\u00e9r\u00e9 quelques-unes (tr\u00e8s peu, \u00e0 part celles exerc\u00e9es en tant que charges de la Monarchie) des activit\u00e9s des titres castillans en Am\u00e9rique (c.f. Maruri, 2003, 2007, 2009, 2017, Felices, 2012). Il existe des donn\u00e9es isol\u00e9es dans ces perspectives qui permettent de penser \u00e0 une dimension et \u00e0 des dynamiques diff\u00e9rentes, qui conduisent \u00e0 l&#8217;une des principales questions abord\u00e9es dans ce projet : peut-on parler d&#8217;une noblesse transatlantique dans le cadre de la Monarchie hispanique ? \u00c0 partir de l\u00e0, nous proposons la possibilit\u00e9 d&#8217;\u00e9tudier la continuit\u00e9 spatiale &#8211; continuit\u00e9 juridique, sociale, humaine, etc. &#8211; du r\u00e9seau nobiliaire des deux c\u00f4t\u00e9s de l&#8217;Atlantique, en prenant comme r\u00e9f\u00e9rence le collectif qui conna\u00eet une r\u00e9ussite dans son processus d&#8217;ascension sociale et en se demandant de quelle mani\u00e8re il a su tirer parti, ou bien surmonter, les difficult\u00e9s que la dimension transatlantique impliquait.<\/p>\n<p style=\"text-align: justify;\">Cette recherche, qui approfondit et \u00e9largit la voie des \u00e9tudes men\u00e9es par Bartolom\u00e9 Yun Casalilla sur les aristocraties castillanes et ib\u00e9riques et sur la circulation et le r\u00f4le des \u00e9lites dans la formation du premier empire mondial (Yun, 2002, 2009 ou 2019, ainsi que Yun et Janssens, 2005), tente de combler certaines lacunes dans l&#8217;historiographie et d&#8217;ouvrir de nouveaux domaines de recherche. Il s&#8217;agit d&#8217;une perspective propre \u00e0 l&#8217;histoire entrelac\u00e9e qui permet non seulement de rompre avec une vision, aujourd&#8217;hui critiqu\u00e9e, qui soulignait l&#8217;immobilisme des aristocraties p\u00e9ninsulaires (voir Yun, 1999 et Soria, 2000 et 2007, en particulier), mais aussi de mieux comprendre la conjonction entre changement et continuit\u00e9, ainsi que le processus d&#8217;ascension sociale qui s&#8217;est produit au sein des \u00e9lites de l&#8217;empire.<\/p>\n<p style=\"text-align: justify;\">Cette perspective n\u00e9cessite une \u00e9tude g\u00e9n\u00e9rale, bas\u00e9e sur une solide base de donn\u00e9es relationnelle et sophistiqu\u00e9e regroupant le plus grand nombre possible d&#8217;individus et de familles, ainsi qu&#8217;une \u00e9tude de sagas sp\u00e9cifiques qui permette de voir comment les relations entre les membres de ces groupes et la mani\u00e8re dont chacun se projetait sur l&#8217;autre c\u00f4t\u00e9 de l&#8217;oc\u00e9an ont influenc\u00e9 l&#8217;ascension des lign\u00e9es familiales. Ce &#8220;jeu d&#8217;\u00e9chelles&#8221; cr\u00e9era des questions sur le g\u00e9n\u00e9ral \u00e0 partir du particulier et vice versa, et r\u00e9v\u00e9lera des dimensions compl\u00e9mentaires et contradictoires jusqu&#8217;\u00e0 pr\u00e9sent inexplor\u00e9es ou peu soulign\u00e9es (Revel, \u00e9d. 1996 et 2005).<\/p>\n<blockquote><p>FELICES DE LA FUENTE, Mar\u00eda del Mar. 2012. La nueva nobleza titulada de Espa\u00f1a y Am\u00e9rica en el siglo XVIII (1701-1746). Entre el m\u00e9rito y la venalidad. Almer\u00eda, Universidad de Almer\u00eda.<br \/>\nMARURI VILLANUEVA, Ram\u00f3n. 2003. \u201cDe la vieja Monta\u00f1a a la Nueva Espa\u00f1a: los caminos hacia la nobleza titulada (siglo XVIII)\u201d, F. J. Aranda P\u00e9rez (coord.). Burgueses o ciudadanos en la Espa\u00f1a moderna. Cuenca, Universidad de Castilla-La Mancha. pp. 257-302.<br \/>\n\u2014\u2014\u2014. 2007. \u201cNacidos para triunfar: promoci\u00f3n de indianos de la Espa\u00f1a cant\u00e1brica a la nobleza titulada (siglos XVII &#8211; XIX)\u201d, en L. Sazatornil Ruiz (coord.). Arte y mecenazgo indiano: del Cant\u00e1brico al Caribe. Gij\u00f3n, Trea. pp. 141-172.<br \/>\n\u2014\u2014\u2014. 2009. \u201cPoder con poder se paga: t\u00edtulos nobiliarios en Indias (1681-1821)\u201d, Revista de Indias. Vol. LXIX, N\u00fam. 246. pp.207-240.<br \/>\n\u2014\u2014\u2014. 2017. \u201cLa nobleza titulada en los virreinatos indianos (siglos XVIII-XIX)\u201d, en G. A. Franco Rubio, N. Gonz\u00e1lez Heras y E. de Lorenzo \u00c1lvarez (coords.). Espa\u00f1a y el continente americano en el siglo XVIII. Actas del VI Congreso Internacional de la Sociedad Espa\u00f1ola de Estudios del Siglo XVIII. Gij\u00f3n, Trea &#8211; Sociedad Espa\u00f1ola de Estudios del Siglo XVIII. pp. 335-351<br \/>\nREVEL, Jacques. 1996. Jeux d\u00b4echeles. La micro-analyse \u00e0 l\u00b4exp\u00e9rience. Paris, Gallimard-Le Suil.<br \/>\n\u2014\u2014\u2014. 2005. Un momento historiogr\u00e1fico. Trece ensayos de historia social. Buenos Aires, Manantial.<br \/>\nSORIA MESA, Enrique. 2000. El cambio inm\u00f3vil. Transformaciones y permanencias en una elite de poder (C\u00f3rdoba, siglos XVI-XIX). C\u00f3rdoba, Ayuntamiento de C\u00f3rdoba.<br \/>\n\u2014\u2014\u2014. 2007. La nobleza en la Espa\u00f1a moderna: cambio y continuidad. Madrid, Marcial Pons.<br \/>\nYUN CASALILLA, Bartolom\u00e9 y JANSSENS, Paul (eds.). 2005. European Aristocracies and Colonial Elites. Patrimonial Management Strategies and Economic Development, 15th- 18th Centuries, London, Ashgate.<br \/>\nYUN CASALILLA, Bartolom\u00e9. 1999. \u201cDel centro a la periferia: la econom\u00eda espa\u00f1ola bajo Carlos II\u201d. Studia Historica: Historia Moderna, N\u00fam. 20. pp. 45-75.<br \/>\n\u2014\u2014\u2014. 2002. La gesti\u00f3n del poder: Corona y econom\u00edas aristocr\u00e1ticas en Castilla (siglos XVI-XVIII). Madrid, Akal.<br \/>\n\u2014\u2014\u2014. 2009. Las redes del imperio: \u00e9lites sociales en la articulaci\u00f3n de la Monarqu\u00eda hisp\u00e1nica, 1492-1714. Madrid, Marcial Pons.<br \/>\n\u2014\u2014\u2014. 2019. Iberian World Empires and the Globalization of Europe, 1415-1668. Singapore, Palgrave-McMillan.<\/p><\/blockquote>\n","protected":false},"excerpt":{"rendered":"<p>C\u2019est une tradition profond\u00e9ment enracin\u00e9e que d&#8217;\u00e9tudier les noblesses ib\u00e9riques des deux c\u00f4t\u00e9s de l&#8217;oc\u00e9an comme deux r\u00e9alit\u00e9s distinctes. Soit on analyse ce qui est habituellement connu sous le nom de noblesse &#8220;indienne&#8221;, soit on a consid\u00e9r\u00e9 quelques-unes (tr\u00e8s peu, \u00e0 part celles exerc\u00e9es en tant que charges de la [&hellip;]<\/p>\n","protected":false},"author":1,"featured_media":0,"parent":0,"menu_order":0,"comment_status":"closed","ping_status":"closed","template":"page-templates\/template-fullwidth.php","meta":{"footnotes":""},"class_list":["post-398","page","type-page","status-publish","hentry"],"_links":{"self":[{"href":"https:\/\/atlantocracies.com\/index.php\/wp-json\/wp\/v2\/pages\/398","targetHints":{"allow":["GET"]}}],"collection":[{"href":"https:\/\/atlantocracies.com\/index.php\/wp-json\/wp\/v2\/pages"}],"about":[{"href":"https:\/\/atlantocracies.com\/index.php\/wp-json\/wp\/v2\/types\/page"}],"author":[{"embeddable":true,"href":"https:\/\/atlantocracies.com\/index.php\/wp-json\/wp\/v2\/users\/1"}],"replies":[{"embeddable":true,"href":"https:\/\/atlantocracies.com\/index.php\/wp-json\/wp\/v2\/comments?post=398"}],"version-history":[{"count":0,"href":"https:\/\/atlantocracies.com\/index.php\/wp-json\/wp\/v2\/pages\/398\/revisions"}],"wp:attachment":[{"href":"https:\/\/atlantocracies.com\/index.php\/wp-json\/wp\/v2\/media?parent=398"}],"curies":[{"name":"wp","href":"https:\/\/api.w.org\/{rel}","templated":true}]}}