{"id":380,"date":"2023-05-18T20:43:13","date_gmt":"2023-05-18T18:43:13","guid":{"rendered":"http:\/\/localhost\/AtlantoCracies_1\/?page_id=380"},"modified":"2023-12-30T22:11:10","modified_gmt":"2023-12-30T22:11:10","slug":"base-de-donnees","status":"publish","type":"page","link":"https:\/\/atlantocracies.com\/index.php\/fr\/base-de-donnees\/","title":{"rendered":"Base de Donn\u00e9es"},"content":{"rendered":"<p style=\"text-align: justify;\"><span style=\"font-weight: 400;\">Une base de donn\u00e9es NoSQL a \u00e9t\u00e9 con\u00e7ue afin de g\u00e9rer des donn\u00e9es semi-structur\u00e9es et orient\u00e9es documents, permettant le stockage flexible et la consultation de donn\u00e9es sur des personnages historiques et les relations qu\u2019ils entretiennent. Cette conception permet une adaptation rapide et peu co\u00fbteuse aux \u00e9ventuels changements pouvant survenir au cours de la recherche historique.<\/span><\/p>\n<p style=\"text-align: justify;\"><span style=\"font-weight: 400;\">Le mod\u00e8le de base de donn\u00e9es est constitu\u00e9 d&#8217;une collection principale de documents appel\u00e9e <em>Nobility<\/em>. Au sein de cette collection, on trouve des documents intitul\u00e9s <em>Person<\/em> qui repr\u00e9sentent des personnages historiques. La structure de base de chaque document <em>Person<\/em> comprend une liste de 23 attributs et quatre <em>arrays<\/em> de sous-documents. \u00c9tant donn\u00e9 qu&#8217;il s&#8217;agit d&#8217;une base de donn\u00e9es semi-structur\u00e9e, il est possible de modifier cette structure de base chaque fois que cela est n\u00e9cessaire.<\/span><\/p>\n<p><img loading=\"lazy\" decoding=\"async\" src=\"https:\/\/atlantocracies.com\/wp-content\/uploads\/2023\/11\/AtlantoCracies.png\" alt=\"\" width=\"557\" height=\"502\" class=\"size-full wp-image-738 aligncenter\" \/><\/p>\n<p>&nbsp;<\/p>\n<p style=\"text-align: justify;\"><span style=\"font-weight: 400;\">Chaque document <em>Person<\/em> peut \u00eatre reli\u00e9 \u00e0 d&#8217;autres documents du m\u00eame type via deux de ses attributs : idFather et idMother, qui contiennent l&#8217;identifiant unique du personnage historique repr\u00e9sentant son p\u00e8re et sa m\u00e8re, respectivement. Cela permet de cr\u00e9er une structure g\u00e9n\u00e9alogique hi\u00e9rarchique pour tout personnage stock\u00e9 dans la base de donn\u00e9es.<\/span><\/p>\n<p style=\"text-align: justify;\"><span style=\"font-weight: 400;\">De plus, chaque document <em>Person<\/em> est li\u00e9 \u00e0 quatre types de documents possibles via les tableaux mentionn\u00e9s pr\u00e9c\u00e9demment, ce qui permet de g\u00e9rer les deux types de relations couramment utilis\u00e9s dans les bases de donn\u00e9es orient\u00e9es document (<em>embedded documents<\/em> et <em>referenced documents<\/em>).<\/span><\/p>\n<p style=\"text-align: justify;\"><span style=\"font-weight: 400;\">La base de donn\u00e9es est h\u00e9berg\u00e9e dans l&#8217;infrastructure cloud de MongoDB (Atlas). Actuellement, l&#8217;acc\u00e8s se fait \u00e0 distance \u00e0 partir des ordinateurs des chercheurs. \u00c0 l&#8217;avenir, la base de donn\u00e9es sera d\u00e9ploy\u00e9e dans une entit\u00e9 publique li\u00e9e \u00e0 la recherche scientifique et sera accessible via un environnement web, disponible pour les chercheurs souhaitant consulter les donn\u00e9es, les d\u00e9veloppeurs ou le grand public.<\/span><\/p>\n<p style=\"text-align: justify;\"><span style=\"font-weight: 400;\">Cette base de donn\u00e9es constitue une innovation par rapport aux m\u00e9thodes de travail traditionnelles dans les projets de recherche historique. Jusqu&#8217;\u00e0 pr\u00e9sent, la plupart des bases de donn\u00e9es utilis\u00e9es dans ces projets \u00e9taient relationnelles. Une \u00e9tude men\u00e9e dans le cadre du projet Atlantocracies a r\u00e9alis\u00e9 une enqu\u00eate sur les caract\u00e9ristiques techniques des bases de donn\u00e9es utilis\u00e9es dans 37 projets internationaux de renom li\u00e9s \u00e0 l&#8217;histoire. Plus de 70 % de ces bases de donn\u00e9es \u00e9taient relationnelles. Seulement 9 % \u00e9taient des bases de donn\u00e9es NoSQL, toutes orient\u00e9es graphe. Autrement dit, le mod\u00e8le de base de donn\u00e9es pr\u00e9sent\u00e9 par les auteurs est probablement le premier du genre, orient\u00e9 document, utilis\u00e9 dans ce type de recherches.<\/span><\/p>\n<p style=\"text-align: justify;\"><span style=\"font-weight: 400;\">Le principal avantage et la principale diff\u00e9rence par rapport aux autres solutions propos\u00e9es r\u00e9side dans la grande flexibilit\u00e9 qu&#8217;il offre. La recherche historique est un domaine en constante \u00e9volution. \u00c0 mesure que les sources d&#8217;information sont explor\u00e9es, de nouveaux attributs, objectifs et questions \u00e9mergent, ce qui entra\u00eene des variations constantes dans les donn\u00e9es collect\u00e9es pour chaque objet d&#8217;\u00e9tude. Les bases de donn\u00e9es orient\u00e9es document permettent de traiter les donn\u00e9es de mani\u00e8re flexible. Dans notre cas particulier, bien que les personnages historiques disposent d&#8217;une structure d&#8217;attributs de base, cette structure peut \u00eatre modifi\u00e9e, \u00e9tendue ou r\u00e9duite selon les besoins. Ainsi, chaque personnage historique stock\u00e9 peut avoir une structure interne totalement diff\u00e9rente. En revanche, les mod\u00e8les relationnels exigent des structures de table fixes auxquelles toutes les insertions doivent se conformer, et les modifier n\u00e9cessite des investissements importants en termes de temps, d&#8217;efforts et d&#8217;argent. Par cons\u00e9quent, le mod\u00e8le pr\u00e9sent\u00e9 peut s&#8217;adapter rapidement et facilement \u00e0 n&#8217;importe quelle source d&#8217;information li\u00e9e aux personnages historiques. De m\u00eame, le syst\u00e8me de gestion de base de donn\u00e9es choisi peut g\u00e9rer efficacement les exigences dynamiques de la recherche historique.<\/span><\/p>\n<blockquote>\n<p style=\"text-align: justify;\">Pour plus d&#8217;informations: Manuel Diaz-Ordo\u00f1ez, Domingo Savio Rodr\u00edguez Baena, Bartolom\u00e9 Yun-Casalilla, \u00ab<a href=\"https:\/\/academic.oup.com\/dsh\/article-pdf\/38\/3\/1014\/51309514\/fqad033.pdf\">A new approach for the construction of historical databases. NoSQL document oriented databases: the example of AtlantoCracies<\/a>\u00bb, Digital Scholarship in the Humanities, Volume 38, Issue 3, September 2023, Pages 1014\u20131032.<\/p>\n<\/blockquote>\n<hr \/>\n<p style=\"text-align: justify;\">\n<div id=\"gtx-trans\" style=\"position: absolute; left: 400px; top: 166.762px;\">\n<div class=\"gtx-trans-icon\"><\/div>\n<\/div>\n","protected":false},"excerpt":{"rendered":"<p>Une base de donn\u00e9es NoSQL a \u00e9t\u00e9 con\u00e7ue afin de g\u00e9rer des donn\u00e9es semi-structur\u00e9es et orient\u00e9es documents, permettant le stockage flexible et la consultation de donn\u00e9es sur des personnages historiques et les relations qu\u2019ils entretiennent. Cette conception permet une adaptation rapide et peu co\u00fbteuse aux \u00e9ventuels changements pouvant survenir au [&hellip;]<\/p>\n","protected":false},"author":1,"featured_media":0,"parent":0,"menu_order":0,"comment_status":"closed","ping_status":"closed","template":"","meta":{"footnotes":""},"class_list":["post-380","page","type-page","status-publish","hentry"],"_links":{"self":[{"href":"https:\/\/atlantocracies.com\/index.php\/wp-json\/wp\/v2\/pages\/380","targetHints":{"allow":["GET"]}}],"collection":[{"href":"https:\/\/atlantocracies.com\/index.php\/wp-json\/wp\/v2\/pages"}],"about":[{"href":"https:\/\/atlantocracies.com\/index.php\/wp-json\/wp\/v2\/types\/page"}],"author":[{"embeddable":true,"href":"https:\/\/atlantocracies.com\/index.php\/wp-json\/wp\/v2\/users\/1"}],"replies":[{"embeddable":true,"href":"https:\/\/atlantocracies.com\/index.php\/wp-json\/wp\/v2\/comments?post=380"}],"version-history":[{"count":6,"href":"https:\/\/atlantocracies.com\/index.php\/wp-json\/wp\/v2\/pages\/380\/revisions"}],"predecessor-version":[{"id":875,"href":"https:\/\/atlantocracies.com\/index.php\/wp-json\/wp\/v2\/pages\/380\/revisions\/875"}],"wp:attachment":[{"href":"https:\/\/atlantocracies.com\/index.php\/wp-json\/wp\/v2\/media?parent=380"}],"curies":[{"name":"wp","href":"https:\/\/api.w.org\/{rel}","templated":true}]}}