{"id":337,"date":"2023-05-18T13:12:14","date_gmt":"2023-05-18T11:12:14","guid":{"rendered":"http:\/\/localhost\/AtlantoCracies_1\/?page_id=337"},"modified":"2025-06-25T14:25:14","modified_gmt":"2025-06-25T14:25:14","slug":"equipe-de-recherche","status":"publish","type":"page","link":"https:\/\/atlantocracies.com\/index.php\/fr\/equipe-de-recherche\/","title":{"rendered":"Chercheurs"},"content":{"rendered":"<h1 style=\"text-align: center; text-decoration: underline;\">\u00c9quipe de chercheurs<\/h1>\n<hr \/>\n<h2>Bartolom\u00e9 Yun-Casalilla<\/h2>\n<p><a href=\"https:\/\/www.upo.es\/profesorado\/byuncas\/\"><img loading=\"lazy\" decoding=\"async\" src=\"https:\/\/atlantocracies.com\/wp-content\/uploads\/2023\/11\/BYC.png\" alt=\"\" width=\"120\" height=\"168\" class=\"contacto-imagen alignleft wp-image-472\" \/><\/a><\/p>\n<h4>Chercheur Principal<\/h4>\n<p class=\"card-description\" style=\"text-align: justify;\"><span style=\"font-size: 14px; color: #000000;\">Professeur \u00e0 l&#8217;Universit\u00e9 Pablo de Olavide, S\u00e9ville, Espagne. Il est sp\u00e9cialis\u00e9 dans l&#8217;\u00e9tude de l&#8217;\u00c9conomie politique, de l&#8217;Empire espagnol, de l&#8217;Histoire de la consommation et de l&#8217;Histoire de l&#8217;aristocratie.<\/span><\/p>\n<p><a href=\"https:\/\/orcid.org\/0000-0002-8095-5733\"><img loading=\"lazy\" decoding=\"async\" src=\"https:\/\/i0.wp.com\/bibliosjd.org\/wp-content\/uploads\/2018\/09\/id_orcid.png?fit=256%2C258&amp;ssl=1\" alt=\"ORCID logo\" width=\"32\" height=\"32\" \/><\/a> <a style=\"color: #000000; text-decoration: underline;\" href=\"https:\/\/www.webofscience.com\/wos\/author\/record\/AAS-8123-2021\"><img loading=\"lazy\" decoding=\"async\" src=\"https:\/\/datai.infor.uva.es\/wp-content\/uploads\/2018\/04\/researcher-id-logo.png\" alt=\"ResearchID\" width=\"36\" height=\"36\" \/><\/a><span style=\"font-size: 12px;\">\u00a0<a style=\"color: #000000; text-decoration: underline;\" href=\"https:\/\/www.scopus.com\/authid\/detail.uri?authorId=37062330800\"><img loading=\"lazy\" decoding=\"async\" src=\"https:\/\/bib.us.es\/ingenieros\/sites\/bib3.us.es.ingenieros\/files\/styles\/medium\/adaptive-image\/public\/field\/image\/scopus.png?itok=7a5ObggF\" alt=\"Scopus\" width=\"32\" height=\"32\" \/><\/a>\u00a0<\/span><a style=\"color: #000000; text-decoration: underline;\" href=\"https:\/\/dialnet.unirioja.es\/servlet\/autor?codigo=9417\"><img loading=\"lazy\" decoding=\"async\" src=\"https:\/\/desk.zoho.eu\/portal\/api\/kbCategory\/54059000000110207\/logo\/1576492000000006002?orgId=20073724420\" alt=\"Scopus\" width=\"32\" height=\"32\" \/><\/a><\/p>\n<hr \/>\n<p>&nbsp;<\/p>\n<h2>Manuel D\u00edaz-Ord\u00f3\u00f1ez<\/h2>\n<p><a href=\"https:\/\/www.us.es\/trabaja-en-la-us\/directorio\/manuel-diaz-ordonez\"><img loading=\"lazy\" decoding=\"async\" src=\"https:\/\/atlantocracies.com\/wp-content\/uploads\/2023\/11\/1699983633278.jpg\" alt=\"\" width=\"120\" height=\"151\" class=\"contacto-imagen alignleft wp-image-476\" \/><\/a><\/p>\n<h4>Chercheur<\/h4>\n<p class=\"card-description\" style=\"text-align: justify;\"><span style=\"font-size: 14px; color: #000000;\">Professeur titulaire du D\u00e9partement d&#8217;\u00e9conomie et d&#8217;histoire \u00e9conomique de l&#8217;Universit\u00e9 de S\u00e9ville, en Espagne. Il est sp\u00e9cialis\u00e9 dans l&#8217;\u00e9tude des industries strat\u00e9giques de gr\u00e9ement naval, de l&#8217;Empire espagnol et de l&#8217;expansion mondiale du chanvre.<\/span><\/p>\n<p><a href=\"https:\/\/orcid.org\/0000-0002-3492-6210\"><img loading=\"lazy\" decoding=\"async\" src=\"https:\/\/i0.wp.com\/bibliosjd.org\/wp-content\/uploads\/2018\/09\/id_orcid.png?fit=256%2C258&amp;ssl=1\" alt=\"ORCID logo\" width=\"32\" height=\"32\" \/><\/a> <a style=\"color: #000000; text-decoration: underline;\" href=\"https:\/\/www.webofscience.com\/wos\/author\/record\/A-5215-2015\"><img loading=\"lazy\" decoding=\"async\" src=\"https:\/\/datai.infor.uva.es\/wp-content\/uploads\/2018\/04\/researcher-id-logo.png\" alt=\"ResearchID\" width=\"36\" height=\"36\" \/><\/a><span style=\"font-size: 12px;\">\u00a0<a style=\"color: #000000; text-decoration: underline;\" href=\"https:\/\/www.scopus.com\/authid\/detail.uri?authorId=57205248423\"><img loading=\"lazy\" decoding=\"async\" src=\"https:\/\/bib.us.es\/ingenieros\/sites\/bib3.us.es.ingenieros\/files\/styles\/medium\/adaptive-image\/public\/field\/image\/scopus.png?itok=7a5ObggF\" alt=\"Scopus\" width=\"32\" height=\"32\" \/><\/a>\u00a0<\/span><a style=\"color: #000000; text-decoration: underline;\" href=\"https:\/\/dialnet.unirioja.es\/servlet\/autor?codigo=298758\"><img loading=\"lazy\" decoding=\"async\" src=\"https:\/\/desk.zoho.eu\/portal\/api\/kbCategory\/54059000000110207\/logo\/1576492000000006002?orgId=20073724420\" alt=\"Scopus\" width=\"32\" height=\"32\" \/><\/a><\/p>\n<hr \/>\n<p>&nbsp;<\/p>\n<h2>Domingo Savio Rodr\u00edguez-Baena<\/h2>\n<p><a href=\"https:\/\/www.upo.es\/profesorado\/dsrodbae\"><img loading=\"lazy\" decoding=\"async\" src=\"https:\/\/atlantocracies.com\/wp-content\/uploads\/2023\/11\/Domingo.jpg\" alt=\"\" width=\"122\" height=\"156\" class=\"contacto-imagen alignleft wp-image-478\" \/><\/a><\/p>\n<h4>Chercheur<\/h4>\n<p class=\"card-description\" style=\"text-align: justify;\"><span style=\"font-size: 14px; color: #000000;\">Professeur titulaire \u00e0 l&#8217;Universit\u00e9 Pablo de Olavide, en Espagne. Il est sp\u00e9cialis\u00e9 dans l&#8217;analyse intelligente de donn\u00e9es par le biais de techniques d&#8217;apprentissage automatique et de fouille de donn\u00e9es, ainsi qu&#8217;expert en conception et gestion de bases de donn\u00e9es.<\/span><\/p>\n<p><a href=\"https:\/\/orcid.org\/0000-0001-9801-9364\"><img loading=\"lazy\" decoding=\"async\" src=\"https:\/\/i0.wp.com\/bibliosjd.org\/wp-content\/uploads\/2018\/09\/id_orcid.png?fit=256%2C258&amp;ssl=1\" alt=\"ORCID logo\" width=\"32\" height=\"32\" \/><\/a> <a style=\"color: #000000; text-decoration: underline;\" href=\"https:\/\/www.webofscience.com\/wos\/author\/record\/L-4715-2014\"><img loading=\"lazy\" decoding=\"async\" src=\"https:\/\/datai.infor.uva.es\/wp-content\/uploads\/2018\/04\/researcher-id-logo.png\" alt=\"ResearchID\" width=\"36\" height=\"36\" \/><\/a><span style=\"font-size: 12px;\">\u00a0<a style=\"color: #000000; text-decoration: underline;\" href=\"https:\/\/www.scopus.com\/authid\/detail.uri?authorId=6506478276\"><img loading=\"lazy\" decoding=\"async\" src=\"https:\/\/bib.us.es\/ingenieros\/sites\/bib3.us.es.ingenieros\/files\/styles\/medium\/adaptive-image\/public\/field\/image\/scopus.png?itok=7a5ObggF\" alt=\"Scopus\" width=\"32\" height=\"32\" \/><\/a>\u00a0<\/span><a style=\"color: #000000; text-decoration: underline;\" href=\"https:\/\/dialnet.unirioja.es\/servlet\/autor?codigo=793167\"><img loading=\"lazy\" decoding=\"async\" src=\"https:\/\/desk.zoho.eu\/portal\/api\/kbCategory\/54059000000110207\/logo\/1576492000000006002?orgId=20073724420\" alt=\"Scopus\" width=\"32\" height=\"32\" \/><\/a><\/p>\n<hr \/>\n<p>&nbsp;<\/p>\n<h2>Alejandro Garc\u00eda-Mont\u00f3n<\/h2>\n<p><a href=\"https:\/\/laborales.ugr.es\/facultad\/directorio-personal\/alejandro-garcia-monton\"><img loading=\"lazy\" decoding=\"async\" src=\"https:\/\/atlantocracies.com\/wp-content\/uploads\/2023\/11\/alejandroupo_web-1.jpg\" alt=\"\" width=\"120\" height=\"160\" class=\"contacto-imagen alignleft wp-image-519 size-full\" \/><\/a><\/p>\n<h4>Chercheur<\/h4>\n<p class=\"card-description\" style=\"text-align: justify;\"><span style=\"font-size: 14px; color: #000000;\">Professeur adjoint de doctorat \u00e0 l&#8217;Universit\u00e9 de Grenade. Ses principaux centres d&#8217;int\u00e9r\u00eat sont les r\u00e9seaux marchands de l&#8217;\u00e9poque moderne et le commerce transimp\u00e9rial d&#8217;esclaves dans le monde atlantique. \u00a0 \u00a0 \u00a0 \u00a0 \u00a0 \u00a0 \u00a0 \u00a0 \u00a0 \u00a0 \u00a0 \u00a0 \u00a0 \u00a0 \u00a0 \u00a0 \u00a0 \u00a0 \u00a0 \u00a0 \u00a0 \u00a0 \u00a0<\/span><a href=\"https:\/\/orcid.org\/0000-0003-0311-1876\"><br \/>\n<img loading=\"lazy\" decoding=\"async\" src=\"https:\/\/i0.wp.com\/bibliosjd.org\/wp-content\/uploads\/2018\/09\/id_orcid.png?fit=256%2C258&amp;ssl=1\" alt=\"ORCID logo\" width=\"32\" height=\"32\" \/><\/a> <span style=\"font-size: 12px;\">\u00a0<a style=\"color: #000000; text-decoration: underline;\" href=\"https:\/\/www.scopus.com\/authid\/detail.uri?authorId=57210579464\"><img loading=\"lazy\" decoding=\"async\" src=\"https:\/\/bib.us.es\/ingenieros\/sites\/bib3.us.es.ingenieros\/files\/styles\/medium\/adaptive-image\/public\/field\/image\/scopus.png?itok=7a5ObggF\" alt=\"Scopus\" width=\"32\" height=\"32\" \/><\/a>\u00a0<\/span><a style=\"color: #000000; text-decoration: underline;\" href=\"https:\/\/dialnet.unirioja.es\/servlet\/autor?codigo=3319545\"><img loading=\"lazy\" decoding=\"async\" src=\"https:\/\/desk.zoho.eu\/portal\/api\/kbCategory\/54059000000110207\/logo\/1576492000000006002?orgId=20073724420\" alt=\"Scopus\" width=\"32\" height=\"32\" \/><\/a><\/p>\n<hr \/>\n<h1 style=\"text-decoration: underline; text-align: center;\">\u00c9quipe de collaborateur<\/h1>\n<hr \/>\n<p>&nbsp;<\/p>\n<h2>Jean-Pierre Dedieu<\/h2>\n<p><img loading=\"lazy\" decoding=\"async\" src=\"https:\/\/atlantocracies.com\/wp-content\/uploads\/2023\/11\/Photo_JPDedieu.jpg\" alt=\"\" width=\"133\" height=\"160\" class=\"contacto-imagen alignleft wp-image-651 \" \/><\/p>\n<h4>Collaborateur<\/h4>\n<p class=\"card-description\" style=\"text-align: justify;\"><span style=\"font-size: 14px; color: #000000;\">Historien fran\u00e7ais sp\u00e9cialis\u00e9 dans l&#8217;histoire moderne de l&#8217;Espagne et de l&#8217;Am\u00e9rique latine, ses premiers travaux sont ax\u00e9s sur l&#8217;\u00e9tude de l&#8217;Inquisition espagnole. Cr\u00e9ateur et gestionnaire de la base de donn\u00e9es Fichoz. Disciple de l&#8217;hispaniste et historien Bartolom\u00e9 Bennassar.<\/span><\/p>\n<p class=\"card-description\" style=\"text-align: justify;\"><span style=\"font-size: 14px; color: #000000;\"><\/span><a href=\"https:\/\/orcid.org\/0000-0001-5727-2427\"><span style=\"color: #000000;\"><\/span><\/a><a href=\"https:\/\/orcid.org\/0000-0002-5684-4718\"><img loading=\"lazy\" decoding=\"async\" src=\"https:\/\/i0.wp.com\/bibliosjd.org\/wp-content\/uploads\/2018\/09\/id_orcid.png?fit=256%2C258&amp;ssl=1\" alt=\"ORCID logo\" width=\"32\" height=\"32\" class=\"alignnone\" \/><\/a><span style=\"color: #000000;\"><span style=\"font-size: 12px;\">\u00a0<\/span><\/span><a style=\"color: #000000; text-decoration: underline;\" href=\"https:\/\/dialnet.unirioja.es\/servlet\/autor?codigo=66116\"><img loading=\"lazy\" decoding=\"async\" src=\"https:\/\/desk.zoho.eu\/portal\/api\/kbCategory\/54059000000110207\/logo\/1576492000000006002?orgId=20073724420\" alt=\"Scopus\" width=\"32\" height=\"32\" class=\"alignnone\" \/><\/a><\/p>\n<hr \/>\n<p>&nbsp;<\/p>\n<h2>Jorge Rojas-Guti\u00e9rrez<\/h2>\n<p><a href=\"https:\/\/www.upo.es\/investiga\/globalhistory\/jorge-rojas\/\"><img loading=\"lazy\" decoding=\"async\" src=\"https:\/\/atlantocracies.com\/wp-content\/uploads\/2023\/11\/Jorge-Rojas-Foto-2-236x300-1.jpeg\" alt=\"\" width=\"120\" height=\"153\" class=\"contacto-imagen alignleft wp-image-522\" \/><\/a><\/p>\n<h4>Collaborateur<\/h4>\n<p class=\"card-description\" style=\"text-align: justify;\"><span style=\"font-size: 14px; color: #000000;\">Licenci\u00e9 en Histoire \u00e0 l&#8217;Universit\u00e9 de Castille-La Manche, il a suivi une ma\u00eetrise en Histoire et Humanit\u00e9s num\u00e9riques \u00e0 l&#8217;Universit\u00e9 Pablo de Olavide de S\u00e9ville, o\u00f9 il effectue actuellement un doctorat dans le cadre d&#8217;une bourse FPU. Sa recherche porte sur la circulation des \u00e9lites \u00e0 travers diff\u00e9rents territoires de la monarchie espagnole.<\/span><\/p>\n<p>&nbsp;<\/p>\n<hr \/>\n<h2>Pedro Omar Svriz-Wucherer<\/h2>\n<p><a href=\"https:\/\/investigacion.us.es\/sisius\/sis_showpub.php?idpers=31871\"><img loading=\"lazy\" decoding=\"async\" src=\"https:\/\/atlantocracies.com\/wp-content\/uploads\/2023\/11\/Pedro-Miguel-Omar-Svriz-Wucherer.jpg\" alt=\"\" width=\"122\" height=\"155\" class=\"contacto-imagen alignleft wp-image-108\" \/><\/a><\/p>\n<h4>Collaborateur (jusqu&#8217;\u00e0 f\u00e9vrier 2021)<\/h4>\n<p class=\"card-description\" style=\"text-align: justify;\"><span style=\"font-size: 14px; color: #000000;\">Docteur en histoire et humanit\u00e9s de l&#8217;Universit\u00e9 Pablo de Olavide. Il s&#8217;int\u00e9resse principalement \u00e0 la mani\u00e8re dont les monarchies, les institutions j\u00e9suites et les variables \u00e9conomiques, sociales et culturelles se sont combin\u00e9es pour d\u00e9fendre la fronti\u00e8re de l&#8217;empire espagnol.<\/span><a href=\"https:\/\/orcid.org\/0000-0001-5727-2427\"><span style=\"color: #000000;\"><br \/>\n<\/span><\/a><\/p>\n<p class=\"card-description\" style=\"text-align: justify;\"><span style=\"font-size: 14px; color: #000000;\"><\/span><a href=\"https:\/\/orcid.org\/0000-0001-5727-2427\"><span style=\"color: #000000;\"><\/span><\/a><a href=\"https:\/\/orcid.org\/0000-0001-8313-3009\"><img loading=\"lazy\" decoding=\"async\" src=\"https:\/\/i0.wp.com\/bibliosjd.org\/wp-content\/uploads\/2018\/09\/id_orcid.png?fit=256%2C258&amp;ssl=1\" alt=\"ORCID logo\" width=\"32\" height=\"32\" \/><\/a><span style=\"color: #000000;\">\u00a0 <span style=\"font-size: 12px;\">\u00a0<a style=\"color: #000000; text-decoration: underline;\" href=\"https:\/\/www.scopus.com\/authid\/detail.uri?authorId=57202493740\"><img loading=\"lazy\" decoding=\"async\" src=\"https:\/\/bib.us.es\/ingenieros\/sites\/bib3.us.es.ingenieros\/files\/styles\/medium\/adaptive-image\/public\/field\/image\/scopus.png?itok=7a5ObggF\" alt=\"Scopus\" width=\"32\" height=\"32\" \/><\/a>\u00a0<\/span><\/span><a style=\"color: #000000; text-decoration: underline;\" href=\"https:\/\/dialnet.unirioja.es\/servlet\/autor?codigo=3027610\"><img loading=\"lazy\" decoding=\"async\" src=\"https:\/\/desk.zoho.eu\/portal\/api\/kbCategory\/54059000000110207\/logo\/1576492000000006002?orgId=20073724420\" alt=\"Scopus\" width=\"32\" height=\"32\" \/><\/a><\/p>\n<hr \/>\n<h1 style=\"text-align: center; text-decoration: underline;\">\u00c9quipe d&#8217;assistants<\/h1>\n<hr \/>\n<p>&nbsp;<\/p>\n<h2>Mar\u00eda Jes\u00fas Mil\u00e1n-Agudo<\/h2>\n<p><img loading=\"lazy\" decoding=\"async\" src=\"https:\/\/atlantocracies.com\/wp-content\/uploads\/2023\/11\/Maria-Jesus-Milan.jpg\" alt=\"\" width=\"118\" height=\"150\" class=\"contacto-imagen alignleft wp-image-104 size-thumbnail\" \/><\/p>\n<h4>Assistante de recherche<\/h4>\n<p class=\"card-description\" style=\"text-align: justify;\"><span style=\"font-size: 14px; color: #000000;\">Dipl\u00f4m\u00e9e d\u2019un master d\u2019Histoire et G\u00e9ographie de l&#8217;Universit\u00e9 de Barcelone. Elle a travaill\u00e9 auparavant en tant que Technicienne sup\u00e9rieure de soutien \u00e0 la recherche \u00e0 l&#8217;Universit\u00e9 Pablo de Olavide de S\u00e9ville. Elle est co-auteure de plusieurs livres et articles sur l&#8217;Histoire Moderne et Contemporaine d&#8217;Espagne.<\/span><\/p>\n<p>\u00a0<a href=\"https:\/\/orcid.org\/0000-0003-2032-9930\"><img loading=\"lazy\" decoding=\"async\" src=\"https:\/\/i0.wp.com\/bibliosjd.org\/wp-content\/uploads\/2018\/09\/id_orcid.png?fit=256%2C258&amp;ssl=1\" alt=\"ORCID logo\" width=\"32\" height=\"32\" \/><\/a><a style=\"color: #000000; text-decoration: underline;\" href=\"https:\/\/dialnet.unirioja.es\/servlet\/autor?codigo=4820191\"><img loading=\"lazy\" decoding=\"async\" src=\"https:\/\/desk.zoho.eu\/portal\/api\/kbCategory\/54059000000110207\/logo\/1576492000000006002?orgId=20073724420\" alt=\"Scopus\" width=\"32\" height=\"32\" \/><\/a><\/p>\n<hr \/>\n<p><a style=\"color: #000000; text-decoration: underline;\" href=\"https:\/\/dialnet.unirioja.es\/servlet\/autor?codigo=4820191\"><\/a><\/p>\n<h1 style=\"text-align: center; text-decoration: underline;\">Frontend Developer<\/h1>\n<hr \/>\n<h2>Igor Sosa Mayor<\/h2>\n<p><img loading=\"lazy\" decoding=\"async\" src=\"https:\/\/atlantocracies.com\/wp-content\/uploads\/2025\/06\/fotoigorsosa.png\" alt=\"\" width=\"152\" height=\"128\" class=\"contacto-imagen alignleft wp-image-780 \" \/><\/p>\n<h4>D\u00e9veloppeur frontend<\/h4>\n<p class=\"card-description\" style=\"text-align: justify;\"><span style=\"font-size: 14px; color: #000000;\">Docteur en linguistique de l\u2019Universit\u00e9 d\u2019Erlangen-Nuremberg (Allemagne) et docteur en histoire de l\u2019Institut universitaire europ\u00e9en de Florence (Italie). Il a travaill\u00e9 sur la p\u00e9riode moderne sous divers angles : l\u2019histoire sociale de la th\u00e9ologie morale, l\u2019histoire de l\u2019aristocratie, ainsi que l\u2019Ordre des Pr\u00eacheurs dans son processus de mondialisation.<\/span><\/p>\n<p class=\"card-description\" style=\"text-align: justify;\"><a href=\"https:\/\/orcid.org\/0000-0003-3645-8454\">\u00a0 \u00a0 \u00a0 \u00a0 \u00a0 \u00a0 \u00a0 \u00a0 \u00a0 \u00a0 \u00a0 \u00a0 \u00a0 \u00a0 \u00a0 \u00a0 \u00a0 \u00a0 \u00a0 \u00a0 \u00a0 \u00a0 \u00a0 \u00a0 \u00a0<img loading=\"lazy\" decoding=\"async\" src=\"https:\/\/i0.wp.com\/bibliosjd.org\/wp-content\/uploads\/2018\/09\/id_orcid.png?fit=256%2C258&amp;ssl=1\" alt=\"ORCID logo\" width=\"32\" height=\"32\" \/><\/a><a style=\"color: #000000; text-decoration: underline;\" href=\"https:\/\/dialnet.unirioja.es\/servlet\/autor?codigo=1260952\"><img loading=\"lazy\" decoding=\"async\" src=\"https:\/\/desk.zoho.eu\/portal\/api\/kbCategory\/54059000000110207\/logo\/1576492000000006002?orgId=20073724420\" alt=\"Scopus\" width=\"32\" height=\"32\" \/><\/a><\/p>\n<hr \/>\n<h1 style=\"text-align: center; text-decoration: underline;\">\u00c9quipe de web designers<\/h1>\n<hr \/>\n<h2>Adri\u00e1n D\u00edaz-Mil\u00e1n<\/h2>\n<p><img loading=\"lazy\" decoding=\"async\" src=\"https:\/\/atlantocracies.com\/wp-content\/uploads\/2023\/11\/IMG_20230629_155734-scaled.jpg\" alt=\"\" width=\"128\" height=\"135\" class=\"contacto-imagen alignleft wp-image-780 \" \/><\/p>\n<h4>Web designer<\/h4>\n<p class=\"card-description\" style=\"text-align: justify;\"><span style=\"font-size: 14px; color: #000000;\">Dipl\u00f4m\u00e9 en G\u00e9ographie et Histoire \u00e0 l&#8217;Universit\u00e9 Pablo de Olavide, S\u00e9ville, Espagne. Il s&#8217;int\u00e9resse \u00e0 <\/span><span style=\"font-size: 14px; color: #000000;\">l&#8217;analyse de la mobilisation transfrontali\u00e8re des \u00e9lites europ\u00e9ennes et l&#8217;application des nouvelles technologies num\u00e9riques comme outil m\u00e9thodologique \u00e0 la recherche historique.\u00a0 \u00a0 \u00a0 \u00a0 \u00a0 \u00a0 \u00a0 \u00a0 \u00a0 \u00a0 \u00a0 \u00a0 \u00a0 \u00a0 \u00a0<\/span><a href=\"https:\/\/orcid.org\/0000-0001-9638-4130\"><img loading=\"lazy\" decoding=\"async\" src=\"https:\/\/i0.wp.com\/bibliosjd.org\/wp-content\/uploads\/2018\/09\/id_orcid.png?fit=256%2C258&amp;ssl=1\" alt=\"ORCID logo\" width=\"32\" height=\"32\" \/><\/a><a style=\"color: #000000; text-decoration: underline;\" href=\"https:\/\/dialnet.unirioja.es\/servlet\/autor?codigo=6164953\"><img loading=\"lazy\" decoding=\"async\" src=\"https:\/\/desk.zoho.eu\/portal\/api\/kbCategory\/54059000000110207\/logo\/1576492000000006002?orgId=20073724420\" alt=\"Scopus\" width=\"32\" height=\"32\" \/><\/a><\/p>\n<hr \/>\n<p><a href=\"https:\/\/orcid.org\/0000-0001-9638-4130\"><\/a><\/p>\n<hr \/>\n<div id=\"gtx-trans\" style=\"position: absolute; left: 262px; top: 1081.11px;\">\n<div class=\"gtx-trans-icon\"><\/div>\n<\/div>\n","protected":false},"excerpt":{"rendered":"<p>\u00c9quipe de chercheurs Bartolom\u00e9 Yun-Casalilla Chercheur Principal Professeur \u00e0 l&#8217;Universit\u00e9 Pablo de Olavide, S\u00e9ville, Espagne. Il est sp\u00e9cialis\u00e9 dans l&#8217;\u00e9tude de l&#8217;\u00c9conomie politique, de l&#8217;Empire espagnol, de l&#8217;Histoire de la consommation et de l&#8217;Histoire de l&#8217;aristocratie. \u00a0\u00a0 &nbsp; Manuel D\u00edaz-Ord\u00f3\u00f1ez Chercheur Professeur titulaire du D\u00e9partement d&#8217;\u00e9conomie et d&#8217;histoire \u00e9conomique de [&hellip;]<\/p>\n","protected":false},"author":1,"featured_media":0,"parent":0,"menu_order":0,"comment_status":"closed","ping_status":"closed","template":"","meta":{"footnotes":""},"class_list":["post-337","page","type-page","status-publish","hentry"],"_links":{"self":[{"href":"https:\/\/atlantocracies.com\/index.php\/wp-json\/wp\/v2\/pages\/337","targetHints":{"allow":["GET"]}}],"collection":[{"href":"https:\/\/atlantocracies.com\/index.php\/wp-json\/wp\/v2\/pages"}],"about":[{"href":"https:\/\/atlantocracies.com\/index.php\/wp-json\/wp\/v2\/types\/page"}],"author":[{"embeddable":true,"href":"https:\/\/atlantocracies.com\/index.php\/wp-json\/wp\/v2\/users\/1"}],"replies":[{"embeddable":true,"href":"https:\/\/atlantocracies.com\/index.php\/wp-json\/wp\/v2\/comments?post=337"}],"version-history":[{"count":10,"href":"https:\/\/atlantocracies.com\/index.php\/wp-json\/wp\/v2\/pages\/337\/revisions"}],"predecessor-version":[{"id":898,"href":"https:\/\/atlantocracies.com\/index.php\/wp-json\/wp\/v2\/pages\/337\/revisions\/898"}],"wp:attachment":[{"href":"https:\/\/atlantocracies.com\/index.php\/wp-json\/wp\/v2\/media?parent=337"}],"curies":[{"name":"wp","href":"https:\/\/api.w.org\/{rel}","templated":true}]}}