{"id":154,"date":"2022-12-19T17:11:31","date_gmt":"2022-12-19T17:11:31","guid":{"rendered":"http:\/\/localhost\/AtlantoCracies_1\/?page_id=154"},"modified":"2023-11-30T14:57:44","modified_gmt":"2023-11-30T14:57:44","slug":"colaborations","status":"publish","type":"page","link":"https:\/\/atlantocracies.com\/index.php\/en\/colaborations\/","title":{"rendered":"Collaborations"},"content":{"rendered":"<div class=\"container\">\n<div class=\"profile\">\n<p><a href=\"https:\/\/orcid.org\/0000-0003-1724-0812\"><img loading=\"lazy\" decoding=\"async\" src=\"https:\/\/atlantocracies.com\/wp-content\/uploads\/2023\/11\/0001810837.jpg\" alt=\"Foto del Autor\" class=\"author-image alignnone\" width=\"283\" height=\"370\" \/><\/a><\/p>\n<h3 class=\"author-name\" style=\"text-align: center;\">Bethany Aram<\/h3>\n<p><a href=\"https:\/\/www.upo.es\/investigacion\/artempire\/\"><img loading=\"lazy\" decoding=\"async\" src=\"https:\/\/atlantocracies.com\/wp-content\/uploads\/2023\/11\/logo_artempire.jpg\" alt=\"Logo del Proyecto\" class=\"logo alignnone\" width=\"180\" height=\"180\" \/><\/a><\/p>\n<\/div>\n<div class=\"profile\">\n<p><a href=\"https:\/\/orcid.org\/0000-0002-5684-4718\"><img loading=\"lazy\" decoding=\"async\" src=\"https:\/\/atlantocracies.com\/wp-content\/uploads\/2023\/11\/Photo_JPDedieu.jpg\" alt=\"Foto del Autor\" class=\"author-image alignnone\" width=\"600\" height=\"721\" \/><\/a><\/p>\n<h3 class=\"author-name\" style=\"text-align: center;\">Jean Pierre Dedieu<\/h3>\n<p><a href=\"enlace fichoz\" class=\"fichoz-link\">Fichoz<\/a><\/p>\n<\/div>\n<div class=\"profile\">\n<p><a href=\"https:\/\/orcid.org\/0000-0003-4520-3760\"><img loading=\"lazy\" decoding=\"async\" src=\"https:\/\/atlantocracies.com\/wp-content\/uploads\/2023\/11\/Manuel-Perez-Garcia-2.jpg\" alt=\"Foto del Autor\" class=\"author-image alignnone\" width=\"331\" height=\"349\" \/><\/a><\/p>\n<h3 class=\"author-name\" style=\"text-align: center;\">Manuel P\u00e9rez Garc\u00eda<\/h3>\n<p><a href=\"https:\/\/www.gecem.eu\/\"><img loading=\"lazy\" decoding=\"async\" src=\"https:\/\/atlantocracies.com\/wp-content\/uploads\/2023\/11\/gecem_logo.jpeg\" alt=\"Logo del Proyecto\" class=\"logo alignnone\" width=\"188\" height=\"188\" \/><\/a><\/p>\n<\/div>\n<div class=\"profile\">\n<p><a href=\"https:\/\/orcid.org\/0000-0002-5151-1586\"><img loading=\"lazy\" decoding=\"async\" src=\"https:\/\/atlantocracies.com\/wp-content\/uploads\/2023\/11\/s200_igor.p_rez_tostado.jpg\" alt=\"Foto del Autor\" class=\"author-image alignnone\" width=\"200\" height=\"162\" \/><\/a><\/p>\n<h3 class=\"author-name\" style=\"text-align: center;\">Igor P\u00e9rez Tostado<\/h3>\n<p><a href=\"https:\/\/www.upo.es\/investiga\/globalhistory\/\"><img loading=\"lazy\" decoding=\"async\" src=\"https:\/\/atlantocracies.com\/wp-content\/uploads\/2023\/11\/paidlogo.png\" alt=\"Logo del Proyecto\" class=\"logo alignnone\" width=\"512\" height=\"512\" \/><\/a><\/p>\n<\/div>\n<\/div>\n","protected":false},"excerpt":{"rendered":"<p>Bethany Aram Jean Pierre Dedieu Fichoz Manuel P\u00e9rez Garc\u00eda Igor P\u00e9rez Tostado<\/p>\n","protected":false},"author":1,"featured_media":0,"parent":0,"menu_order":0,"comment_status":"closed","ping_status":"closed","template":"","meta":{"footnotes":""},"class_list":["post-154","page","type-page","status-publish","hentry"],"_links":{"self":[{"href":"https:\/\/atlantocracies.com\/index.php\/wp-json\/wp\/v2\/pages\/154","targetHints":{"allow":["GET"]}}],"collection":[{"href":"https:\/\/atlantocracies.com\/index.php\/wp-json\/wp\/v2\/pages"}],"about":[{"href":"https:\/\/atlantocracies.com\/index.php\/wp-json\/wp\/v2\/types\/page"}],"author":[{"embeddable":true,"href":"https:\/\/atlantocracies.com\/index.php\/wp-json\/wp\/v2\/users\/1"}],"replies":[{"embeddable":true,"href":"https:\/\/atlantocracies.com\/index.php\/wp-json\/wp\/v2\/comments?post=154"}],"version-history":[{"count":5,"href":"https:\/\/atlantocracies.com\/index.php\/wp-json\/wp\/v2\/pages\/154\/revisions"}],"predecessor-version":[{"id":720,"href":"https:\/\/atlantocracies.com\/index.php\/wp-json\/wp\/v2\/pages\/154\/revisions\/720"}],"wp:attachment":[{"href":"https:\/\/atlantocracies.com\/index.php\/wp-json\/wp\/v2\/media?parent=154"}],"curies":[{"name":"wp","href":"https:\/\/api.w.org\/{rel}","templated":true}]}}