{"id":12,"date":"2022-12-17T18:18:25","date_gmt":"2022-12-17T18:18:25","guid":{"rendered":"http:\/\/localhost\/AtlantoCracies_1\/?page_id=12"},"modified":"2025-06-25T14:15:36","modified_gmt":"2025-06-25T14:15:36","slug":"equipo","status":"publish","type":"page","link":"https:\/\/atlantocracies.com\/index.php\/equipo\/","title":{"rendered":"Equipo"},"content":{"rendered":"<h1 style=\"text-align: center; text-decoration: underline;\">Equipo de investigadores<\/h1>\n<hr \/>\n<h2>Bartolom\u00e9 Yun-Casalilla<\/h2>\n<p><a href=\"https:\/\/www.upo.es\/profesorado\/byuncas\/\"><img loading=\"lazy\" decoding=\"async\" src=\"https:\/\/atlantocracies.com\/wp-content\/uploads\/2023\/11\/BYC.png\" alt=\"\" width=\"120\" height=\"168\" class=\"contacto-imagen alignleft wp-image-472\" \/><\/a><\/p>\n<h4>Investigador Principal<\/h4>\n<p class=\"card-description\" style=\"text-align: justify;\"><span style=\"font-size: 14px; color: #000000;\">Catedr\u00e1tico de historia moderna en la Universidad Pablo de Olavide, Sevilla, Espa\u00f1a. Est\u00e1 especializado en el estudio de la econom\u00eda pol\u00edtica, el Imperio espa\u00f1ol, la historia del consumo y la historia de la aristocracia.<\/span><\/p>\n<p><a href=\"https:\/\/orcid.org\/0000-0002-8095-5733\"><img loading=\"lazy\" decoding=\"async\" src=\"https:\/\/i0.wp.com\/bibliosjd.org\/wp-content\/uploads\/2018\/09\/id_orcid.png?fit=256%2C258&amp;ssl=1\" alt=\"ORCID logo\" width=\"32\" height=\"32\" \/><\/a> <a style=\"color: #000000; text-decoration: underline;\" href=\"https:\/\/www.webofscience.com\/wos\/author\/record\/AAS-8123-2021\"><img loading=\"lazy\" decoding=\"async\" src=\"https:\/\/datai.infor.uva.es\/wp-content\/uploads\/2018\/04\/researcher-id-logo.png\" alt=\"ResearchID\" width=\"36\" height=\"36\" \/><\/a><span style=\"font-size: 12px;\">\u00a0<a style=\"color: #000000; text-decoration: underline;\" href=\"https:\/\/www.scopus.com\/authid\/detail.uri?authorId=37062330800\"><img loading=\"lazy\" decoding=\"async\" src=\"https:\/\/bib.us.es\/ingenieros\/sites\/bib3.us.es.ingenieros\/files\/styles\/medium\/adaptive-image\/public\/field\/image\/scopus.png?itok=7a5ObggF\" alt=\"Scopus\" width=\"32\" height=\"32\" \/><\/a>\u00a0<\/span><a style=\"color: #000000; text-decoration: underline;\" href=\"https:\/\/dialnet.unirioja.es\/servlet\/autor?codigo=9417\"><img loading=\"lazy\" decoding=\"async\" src=\"https:\/\/desk.zoho.eu\/portal\/api\/kbCategory\/54059000000110207\/logo\/1576492000000006002?orgId=20073724420\" alt=\"Scopus\" width=\"32\" height=\"32\" \/><\/a><\/p>\n<hr \/>\n<p>&nbsp;<\/p>\n<h2>Manuel D\u00edaz-Ord\u00f3\u00f1ez<\/h2>\n<p><a href=\"https:\/\/www.us.es\/trabaja-en-la-us\/directorio\/manuel-diaz-ordonez\"><img loading=\"lazy\" decoding=\"async\" src=\"https:\/\/atlantocracies.com\/wp-content\/uploads\/2023\/11\/1699983633278.jpg\" alt=\"\" width=\"120\" height=\"151\" class=\"contacto-imagen alignleft wp-image-476\" \/><\/a><\/p>\n<h4>Investigador<\/h4>\n<p class=\"card-description\" style=\"text-align: justify;\"><span style=\"font-size: 14px; color: #000000;\">Profesor Titular en el Departamento de Econom\u00eda e Historia Econ\u00f3mica de la Universidad de Sevilla, Espa\u00f1a. Se especializa en el estudio de industrias estrat\u00e9gicas de aparejos navales, el Imperio espa\u00f1ol y la expansi\u00f3n global del c\u00e1\u00f1amo.<\/span><\/p>\n<p><a href=\"https:\/\/orcid.org\/0000-0002-3492-6210\"><img loading=\"lazy\" decoding=\"async\" src=\"https:\/\/i0.wp.com\/bibliosjd.org\/wp-content\/uploads\/2018\/09\/id_orcid.png?fit=256%2C258&amp;ssl=1\" alt=\"ORCID logo\" width=\"32\" height=\"32\" \/><\/a> <a style=\"color: #000000; text-decoration: underline;\" href=\"https:\/\/www.webofscience.com\/wos\/author\/record\/A-5215-2015\"><img loading=\"lazy\" decoding=\"async\" src=\"https:\/\/datai.infor.uva.es\/wp-content\/uploads\/2018\/04\/researcher-id-logo.png\" alt=\"ResearchID\" width=\"36\" height=\"36\" \/><\/a><span style=\"font-size: 12px;\">\u00a0<a style=\"color: #000000; text-decoration: underline;\" href=\"https:\/\/www.scopus.com\/authid\/detail.uri?authorId=57205248423\"><img loading=\"lazy\" decoding=\"async\" src=\"https:\/\/bib.us.es\/ingenieros\/sites\/bib3.us.es.ingenieros\/files\/styles\/medium\/adaptive-image\/public\/field\/image\/scopus.png?itok=7a5ObggF\" alt=\"Scopus\" width=\"32\" height=\"32\" \/><\/a>\u00a0<\/span><a style=\"color: #000000; text-decoration: underline;\" href=\"https:\/\/dialnet.unirioja.es\/servlet\/autor?codigo=298758\"><img loading=\"lazy\" decoding=\"async\" src=\"https:\/\/desk.zoho.eu\/portal\/api\/kbCategory\/54059000000110207\/logo\/1576492000000006002?orgId=20073724420\" alt=\"Scopus\" width=\"32\" height=\"32\" \/><\/a><\/p>\n<hr \/>\n<p>&nbsp;<\/p>\n<h2>Domingo Savio Rodr\u00edguez-Baena<\/h2>\n<p><a href=\"https:\/\/www.upo.es\/profesorado\/dsrodbae\"><img loading=\"lazy\" decoding=\"async\" src=\"https:\/\/atlantocracies.com\/wp-content\/uploads\/2023\/11\/Domingo.jpg\" alt=\"\" width=\"122\" height=\"156\" class=\"contacto-imagen alignleft wp-image-478\" \/><\/a><\/p>\n<h4>Investigador<\/h4>\n<p class=\"card-description\" style=\"text-align: justify;\"><span style=\"font-size: 14px; color: #000000;\">Profesor titular de la Universidad Pablo de Olavide, Espa\u00f1a. Est\u00e1 especializado en el an\u00e1lisis inteligente de datos mediante t\u00e9cnicas de Machine Learning y miner\u00eda de datos adem\u00e1s de experto en dise\u00f1o y gesti\u00f3n de bases de datos.<\/span><\/p>\n<p><a href=\"https:\/\/orcid.org\/0000-0001-9801-9364\"><img loading=\"lazy\" decoding=\"async\" src=\"https:\/\/i0.wp.com\/bibliosjd.org\/wp-content\/uploads\/2018\/09\/id_orcid.png?fit=256%2C258&amp;ssl=1\" alt=\"ORCID logo\" width=\"32\" height=\"32\" \/><\/a> <a style=\"color: #000000; text-decoration: underline;\" href=\"https:\/\/www.webofscience.com\/wos\/author\/record\/L-4715-2014\"><img loading=\"lazy\" decoding=\"async\" src=\"https:\/\/datai.infor.uva.es\/wp-content\/uploads\/2018\/04\/researcher-id-logo.png\" alt=\"ResearchID\" width=\"36\" height=\"36\" \/><\/a><span style=\"font-size: 12px;\">\u00a0<a style=\"color: #000000; text-decoration: underline;\" href=\"https:\/\/www.scopus.com\/authid\/detail.uri?authorId=6506478276\"><img loading=\"lazy\" decoding=\"async\" src=\"https:\/\/bib.us.es\/ingenieros\/sites\/bib3.us.es.ingenieros\/files\/styles\/medium\/adaptive-image\/public\/field\/image\/scopus.png?itok=7a5ObggF\" alt=\"Scopus\" width=\"32\" height=\"32\" \/><\/a>\u00a0<\/span><a style=\"color: #000000; text-decoration: underline;\" href=\"https:\/\/dialnet.unirioja.es\/servlet\/autor?codigo=793167\"><img loading=\"lazy\" decoding=\"async\" src=\"https:\/\/desk.zoho.eu\/portal\/api\/kbCategory\/54059000000110207\/logo\/1576492000000006002?orgId=20073724420\" alt=\"Scopus\" width=\"32\" height=\"32\" \/><\/a><\/p>\n<hr \/>\n<p>&nbsp;<\/p>\n<h2>Alejandro Garc\u00eda-Mont\u00f3n<\/h2>\n<p><a href=\"https:\/\/laborales.ugr.es\/facultad\/directorio-personal\/alejandro-garcia-monton\"><img loading=\"lazy\" decoding=\"async\" src=\"https:\/\/atlantocracies.com\/wp-content\/uploads\/2023\/11\/alejandroupo_web-1.jpg\" alt=\"\" width=\"120\" height=\"160\" class=\"contacto-imagen alignleft wp-image-519 size-full\" \/><\/a><\/p>\n<h4>Investigador<\/h4>\n<p class=\"card-description\" style=\"text-align: justify;\"><span style=\"font-size: 14px; color: #000000;\">Profesor ayudante de doctor en la Universidad de Granada. Sus principales intereses se centran en las redes mercantiles de la edad moderna y el comercio trans-imperial de esclavos en el mundo atl\u00e1ntico.<\/span><a href=\"https:\/\/orcid.org\/0000-0003-0311-1876\"><br \/>\n<img loading=\"lazy\" decoding=\"async\" src=\"https:\/\/i0.wp.com\/bibliosjd.org\/wp-content\/uploads\/2018\/09\/id_orcid.png?fit=256%2C258&amp;ssl=1\" alt=\"ORCID logo\" width=\"32\" height=\"32\" \/><\/a> <span style=\"font-size: 12px;\">\u00a0<a style=\"color: #000000; text-decoration: underline;\" href=\"https:\/\/www.scopus.com\/authid\/detail.uri?authorId=57210579464\"><img loading=\"lazy\" decoding=\"async\" src=\"https:\/\/bib.us.es\/ingenieros\/sites\/bib3.us.es.ingenieros\/files\/styles\/medium\/adaptive-image\/public\/field\/image\/scopus.png?itok=7a5ObggF\" alt=\"Scopus\" width=\"32\" height=\"32\" \/><\/a>\u00a0<\/span><a style=\"color: #000000; text-decoration: underline;\" href=\"https:\/\/dialnet.unirioja.es\/servlet\/autor?codigo=3319545\"><img loading=\"lazy\" decoding=\"async\" src=\"https:\/\/desk.zoho.eu\/portal\/api\/kbCategory\/54059000000110207\/logo\/1576492000000006002?orgId=20073724420\" alt=\"Scopus\" width=\"32\" height=\"32\" \/><\/a><\/p>\n<hr \/>\n<h1 style=\"text-decoration: underline; text-align: center;\">Colaboradores<\/h1>\n<hr \/>\n<p>&nbsp;<\/p>\n<h2>Jean-Pierre Dedieu<\/h2>\n<p><img loading=\"lazy\" decoding=\"async\" src=\"https:\/\/atlantocracies.com\/wp-content\/uploads\/2023\/11\/Photo_JPDedieu.jpg\" alt=\"\" width=\"133\" height=\"160\" class=\"contacto-imagen alignleft wp-image-651 \" \/><\/p>\n<h4>Colaborador<\/h4>\n<p class=\"card-description\" style=\"text-align: justify;\"><span style=\"font-size: 14px; color: #000000;\">Historiador franc\u00e9s, especializado en la historia moderna de Espa\u00f1a e Hispanoam\u00e9rica, sus primeras obras est\u00e1n enfocadas al estudio de la la inquisici\u00f3n espa\u00f1ola. Creador y gestor de la Base de Datos Fichoz. Disc\u00edpulo del hispanista e historiador Bartolom\u00e9 Bennassar.\u00a0<\/span><\/p>\n<p class=\"card-description\" style=\"text-align: justify;\"><span style=\"font-size: 14px; color: #000000;\"><\/span><a href=\"https:\/\/orcid.org\/0000-0001-5727-2427\"><span style=\"color: #000000;\"><\/span><\/a><a href=\"https:\/\/orcid.org\/0000-0002-5684-4718\"><img loading=\"lazy\" decoding=\"async\" src=\"https:\/\/i0.wp.com\/bibliosjd.org\/wp-content\/uploads\/2018\/09\/id_orcid.png?fit=256%2C258&amp;ssl=1\" alt=\"ORCID logo\" width=\"32\" height=\"32\" class=\"alignnone\" \/><\/a><span style=\"color: #000000;\"><span style=\"font-size: 12px;\">\u00a0<\/span><\/span><a style=\"color: #000000; text-decoration: underline;\" href=\"https:\/\/dialnet.unirioja.es\/servlet\/autor?codigo=66116\"><img loading=\"lazy\" decoding=\"async\" src=\"https:\/\/desk.zoho.eu\/portal\/api\/kbCategory\/54059000000110207\/logo\/1576492000000006002?orgId=20073724420\" alt=\"Scopus\" width=\"32\" height=\"32\" class=\"alignnone\" \/><\/a><\/p>\n<hr \/>\n<p>&nbsp;<\/p>\n<h2>Jorge Rojas-Guti\u00e9rrez<\/h2>\n<p><a href=\"https:\/\/www.upo.es\/investiga\/globalhistory\/jorge-rojas\/\"><img loading=\"lazy\" decoding=\"async\" src=\"https:\/\/atlantocracies.com\/wp-content\/uploads\/2023\/11\/Jorge-Rojas-Foto-2-236x300-1.jpeg\" alt=\"\" width=\"120\" height=\"153\" class=\"contacto-imagen alignleft wp-image-522\" \/><\/a><\/p>\n<h4>Colaborador<\/h4>\n<p class=\"card-description\" style=\"text-align: justify;\"><span style=\"font-size: 14px; color: #000000;\"> Graduado en Historia por la Universidad de Castilla-La Mancha, curs\u00f3 el M\u00e1ster en Historia y Humanidades Digitales en la Universidad Pablo de Olavide de Sevilla, donde actualmente es estudiante de doctorado en el marco de una ayuda FPU. Su \u00e1rea de investigaci\u00f3n aborda la circulaci\u00f3n de las \u00e9lites a trav\u00e9s de distintos territorios de la Monarqu\u00eda Hisp\u00e1nica.<\/span><\/p>\n<p>&nbsp;<\/p>\n<hr \/>\n<h2>Pedro Omar Svriz-Wucherer<\/h2>\n<p><a href=\"https:\/\/investigacion.us.es\/sisius\/sis_showpub.php?idpers=31871\"><img loading=\"lazy\" decoding=\"async\" src=\"https:\/\/atlantocracies.com\/wp-content\/uploads\/2023\/11\/Pedro-Miguel-Omar-Svriz-Wucherer.jpg\" alt=\"\" width=\"122\" height=\"155\" class=\"contacto-imagen alignleft wp-image-108\" \/><\/a><\/p>\n<h4>Colaborador (hasta febrero 2021)<\/h4>\n<p class=\"card-description\" style=\"text-align: justify;\"><span style=\"font-size: 14px; color: #000000;\">Doctor en Historia y Humanidades por la UPO. Su tesis doctoral vers\u00f3 sobre las milicias guaran\u00edes de las Reducciones Jesu\u00edticas de Paraguay entre los siglos XVII y XVIII. Se preocupa principalmente por c\u00f3mo las monarqu\u00edas y las instituciones jesuitas y las variables econ\u00f3micas, sociales y culturales se combinaron para defender la frontera del imperio espa\u00f1ol.<\/span><\/p>\n<p class=\"card-description\" style=\"text-align: justify;\"><span style=\"font-size: 14px; color: #000000;\"><\/span><a href=\"https:\/\/orcid.org\/0000-0001-5727-2427\"><span style=\"color: #000000;\"><\/span><\/a><a href=\"https:\/\/orcid.org\/0000-0001-8313-3009\"><img loading=\"lazy\" decoding=\"async\" src=\"https:\/\/i0.wp.com\/bibliosjd.org\/wp-content\/uploads\/2018\/09\/id_orcid.png?fit=256%2C258&amp;ssl=1\" alt=\"ORCID logo\" width=\"32\" height=\"32\" \/><\/a><span style=\"color: #000000;\">\u00a0 <span style=\"font-size: 12px;\">\u00a0<a style=\"color: #000000; text-decoration: underline;\" href=\"https:\/\/www.scopus.com\/authid\/detail.uri?authorId=57202493740\"><img loading=\"lazy\" decoding=\"async\" src=\"https:\/\/bib.us.es\/ingenieros\/sites\/bib3.us.es.ingenieros\/files\/styles\/medium\/adaptive-image\/public\/field\/image\/scopus.png?itok=7a5ObggF\" alt=\"Scopus\" width=\"32\" height=\"32\" \/><\/a>\u00a0<\/span><\/span><a style=\"color: #000000; text-decoration: underline;\" href=\"https:\/\/dialnet.unirioja.es\/servlet\/autor?codigo=3027610\"><img loading=\"lazy\" decoding=\"async\" src=\"https:\/\/desk.zoho.eu\/portal\/api\/kbCategory\/54059000000110207\/logo\/1576492000000006002?orgId=20073724420\" alt=\"Scopus\" width=\"32\" height=\"32\" \/><\/a><\/p>\n<hr \/>\n<h1 style=\"text-align: center; text-decoration: underline;\">Asistentes de investigaci\u00f3n<\/h1>\n<hr \/>\n<p>&nbsp;<\/p>\n<h2>Mar\u00eda Jes\u00fas Mil\u00e1n-Agudo<\/h2>\n<p><img loading=\"lazy\" decoding=\"async\" src=\"https:\/\/atlantocracies.com\/wp-content\/uploads\/2023\/11\/Maria-Jesus-Milan.jpg\" alt=\"\" width=\"118\" height=\"150\" class=\"contacto-imagen alignleft wp-image-104 size-thumbnail\" \/><\/p>\n<h4>Asistente de Investigaci\u00f3n<\/h4>\n<p class=\"card-description\" style=\"text-align: justify;\"><span style=\"font-size: 14px; color: #000000;\">Licenciada en Geograf\u00eda e Historia por la Universidad de Barcelona. Anteriormente, desarroll\u00f3 su labor como Titulado Superior de Apoyo a la Investigaci\u00f3n en la Universidad Pablo de Olavide de Sevilla. Es coautora de varios libros y art\u00edculos sobre historia moderna y contempor\u00e1nea de Espa\u00f1a.<\/span><\/p>\n<p>\u00a0<a href=\"https:\/\/orcid.org\/0000-0003-2032-9930\"><img loading=\"lazy\" decoding=\"async\" src=\"https:\/\/i0.wp.com\/bibliosjd.org\/wp-content\/uploads\/2018\/09\/id_orcid.png?fit=256%2C258&amp;ssl=1\" alt=\"ORCID logo\" width=\"32\" height=\"32\" \/><\/a><a style=\"color: #000000; text-decoration: underline;\" href=\"https:\/\/dialnet.unirioja.es\/servlet\/autor?codigo=4820191\"><img loading=\"lazy\" decoding=\"async\" src=\"https:\/\/desk.zoho.eu\/portal\/api\/kbCategory\/54059000000110207\/logo\/1576492000000006002?orgId=20073724420\" alt=\"Scopus\" width=\"32\" height=\"32\" \/><\/a><\/p>\n<hr \/>\n<h1 style=\"text-align: center; text-decoration: underline;\">Desarrollador frontend<\/h1>\n<hr \/>\n<h2>Igor Sosa Mayor<\/h2>\n<p><img loading=\"lazy\" decoding=\"async\" src=\"https:\/\/atlantocracies.com\/wp-content\/uploads\/2025\/06\/fotoigorsosa.png\" alt=\"\" width=\"152\" height=\"128\" class=\"contacto-imagen alignleft wp-image-780 \" \/><\/p>\n<h4>Desarrollador frontend<\/h4>\n<p class=\"card-description\" style=\"text-align: justify;\"><span style=\"font-size: 14px; color: #000000;\">Doctor en Ling\u00fc\u00edstica por la Universidad Erlangen-N\u00fcrnberg (Alemania) y doctor en Historia por el Instituto Universitario Europeo de Florencia (Italia). Ha trabajado sobre la Edad Moderna desde diversas perspectiva: la historia social de la teolog\u00eda moral, la historia de la aristocracia, as\u00ed como la Orden de Predicadores en su proceso de globalizaci\u00f3n.<\/span><\/p>\n<p class=\"card-description\" style=\"text-align: justify;\"><a href=\"https:\/\/orcid.org\/0000-0003-3645-8454\">\u00a0 \u00a0 \u00a0 \u00a0 \u00a0 \u00a0 \u00a0 \u00a0 \u00a0 \u00a0 \u00a0 \u00a0 \u00a0 \u00a0 \u00a0 \u00a0 \u00a0 \u00a0 \u00a0 \u00a0 \u00a0 \u00a0 \u00a0 \u00a0 \u00a0<img loading=\"lazy\" decoding=\"async\" src=\"https:\/\/i0.wp.com\/bibliosjd.org\/wp-content\/uploads\/2018\/09\/id_orcid.png?fit=256%2C258&amp;ssl=1\" alt=\"ORCID logo\" width=\"32\" height=\"32\" \/><\/a><a style=\"color: #000000; text-decoration: underline;\" href=\"https:\/\/dialnet.unirioja.es\/servlet\/autor?codigo=1260952\"><img loading=\"lazy\" decoding=\"async\" src=\"https:\/\/desk.zoho.eu\/portal\/api\/kbCategory\/54059000000110207\/logo\/1576492000000006002?orgId=20073724420\" alt=\"Scopus\" width=\"32\" height=\"32\" \/><\/a><\/p>\n<hr \/>\n<h1 style=\"text-align: center; text-decoration: underline;\">Dise\u00f1ador web<\/h1>\n<hr \/>\n<h2>Adri\u00e1n D\u00edaz-Mil\u00e1n<\/h2>\n<p><img loading=\"lazy\" decoding=\"async\" src=\"https:\/\/atlantocracies.com\/wp-content\/uploads\/2023\/11\/IMG_20230629_155734-scaled.jpg\" alt=\"\" width=\"128\" height=\"135\" class=\"contacto-imagen alignleft wp-image-780 \" \/><\/p>\n<h4>Dise\u00f1ador web<\/h4>\n<p class=\"card-description\" style=\"text-align: justify;\"><span style=\"font-size: 14px; color: #000000;\">Graduado en Geograf\u00eda e Historia por la Universidad Pablo de Olavide, Sevilla, Espa\u00f1a. Su \u00e1rea general de inter\u00e9s es el an\u00e1lisis de la movilizaci\u00f3n transfronteriza de las \u00e9lites europeas y la aplicaci\u00f3n de nuevas tecnolog\u00edas digitales como uso metodol\u00f3gico en la investigaci\u00f3n hist\u00f3rica.<\/span><\/p>\n<p><a href=\"https:\/\/orcid.org\/0000-0001-9638-4130\"><img loading=\"lazy\" decoding=\"async\" src=\"https:\/\/i0.wp.com\/bibliosjd.org\/wp-content\/uploads\/2018\/09\/id_orcid.png?fit=256%2C258&amp;ssl=1\" alt=\"ORCID logo\" width=\"32\" height=\"32\" \/><\/a><a style=\"color: #000000; text-decoration: underline;\" href=\"https:\/\/dialnet.unirioja.es\/servlet\/autor?codigo=6164953\"><img loading=\"lazy\" decoding=\"async\" src=\"https:\/\/desk.zoho.eu\/portal\/api\/kbCategory\/54059000000110207\/logo\/1576492000000006002?orgId=20073724420\" alt=\"Scopus\" width=\"32\" height=\"32\" \/><\/a><\/p>\n<hr \/>\n<p><a href=\"https:\/\/orcid.org\/0000-0001-9638-4130\"><\/a><\/p>\n<hr \/>\n","protected":false},"excerpt":{"rendered":"<p>Equipo de investigadores Bartolom\u00e9 Yun-Casalilla Investigador Principal Catedr\u00e1tico de historia moderna en la Universidad Pablo de Olavide, Sevilla, Espa\u00f1a. Est\u00e1 especializado en el estudio de la econom\u00eda pol\u00edtica, el Imperio espa\u00f1ol, la historia del consumo y la historia de la aristocracia. \u00a0\u00a0 &nbsp; Manuel D\u00edaz-Ord\u00f3\u00f1ez Investigador Profesor Titular en el [&hellip;]<\/p>\n","protected":false},"author":1,"featured_media":0,"parent":0,"menu_order":0,"comment_status":"closed","ping_status":"closed","template":"","meta":{"footnotes":""},"class_list":["post-12","page","type-page","status-publish","hentry"],"_links":{"self":[{"href":"https:\/\/atlantocracies.com\/index.php\/wp-json\/wp\/v2\/pages\/12","targetHints":{"allow":["GET"]}}],"collection":[{"href":"https:\/\/atlantocracies.com\/index.php\/wp-json\/wp\/v2\/pages"}],"about":[{"href":"https:\/\/atlantocracies.com\/index.php\/wp-json\/wp\/v2\/types\/page"}],"author":[{"embeddable":true,"href":"https:\/\/atlantocracies.com\/index.php\/wp-json\/wp\/v2\/users\/1"}],"replies":[{"embeddable":true,"href":"https:\/\/atlantocracies.com\/index.php\/wp-json\/wp\/v2\/comments?post=12"}],"version-history":[{"count":10,"href":"https:\/\/atlantocracies.com\/index.php\/wp-json\/wp\/v2\/pages\/12\/revisions"}],"predecessor-version":[{"id":699,"href":"https:\/\/atlantocracies.com\/index.php\/wp-json\/wp\/v2\/pages\/12\/revisions\/699"}],"wp:attachment":[{"href":"https:\/\/atlantocracies.com\/index.php\/wp-json\/wp\/v2\/media?parent=12"}],"curies":[{"name":"wp","href":"https:\/\/api.w.org\/{rel}","templated":true}]}}